{"id":757,"date":"2019-04-29T12:59:04","date_gmt":"2019-04-29T10:59:04","guid":{"rendered":"https:\/\/apartamentoscostaluz.com\/?page_id=757"},"modified":"2019-06-19T16:38:06","modified_gmt":"2019-06-19T14:38:06","slug":"ruta-cultural","status":"publish","type":"page","link":"https:\/\/apartamentoscostaluz.com\/en\/ruta-cultural\/","title":{"rendered":"Cultural tours"},"content":{"rendered":"<div data-elementor-type=\"wp-post\" data-elementor-id=\"757\" class=\"elementor elementor-757\" data-elementor-post-type=\"page\">\n\t\t\t\t\t\t<section class=\"elementor-section elementor-top-section elementor-element elementor-element-691125f3 elementor-section-full_width elementor-section-height-min-height elementor-section-height-default elementor-section-items-middle wpr-particle-no wpr-jarallax-no wpr-parallax-no wpr-sticky-section-no\" data-id=\"691125f3\" data-element_type=\"section\" data-settings=\"{&quot;background_background&quot;:&quot;classic&quot;}\">\n\t\t\t\t\t\t\t<div class=\"elementor-background-overlay\"><\/div>\n\t\t\t\t\t\t\t<div class=\"elementor-container elementor-column-gap-no\">\n\t\t\t\t\t<div class=\"elementor-column elementor-col-100 elementor-top-column elementor-element elementor-element-bee54ad\" data-id=\"bee54ad\" data-element_type=\"column\">\n\t\t\t<div class=\"elementor-widget-wrap elementor-element-populated\">\n\t\t\t\t\t\t<div class=\"elementor-element elementor-element-769ff49f elementor-widget elementor-widget-heading\" data-id=\"769ff49f\" data-element_type=\"widget\" data-widget_type=\"heading.default\">\n\t\t\t\t<div class=\"elementor-widget-container\">\n\t\t\t\t\t<h2 class=\"elementor-heading-title elementor-size-default\">Cultural tours<\/h2>\t\t\t\t<\/div>\n\t\t\t\t<\/div>\n\t\t\t\t\t<\/div>\n\t\t<\/div>\n\t\t\t\t\t<\/div>\n\t\t<\/section>\n\t\t\t\t<section class=\"elementor-section elementor-top-section elementor-element elementor-element-ae79164 elementor-section-full_width elementor-section-height-min-height elementor-section-items-stretch elementor-section-content-middle elementor-hidden-tablet elementor-hidden-phone elementor-section-height-default wpr-particle-no wpr-jarallax-no wpr-parallax-no wpr-sticky-section-no\" data-id=\"ae79164\" data-element_type=\"section\" data-settings=\"{&quot;background_background&quot;:&quot;video&quot;,&quot;background_video_start&quot;:15,&quot;background_video_end&quot;:80}\">\n\t\t\t\t\t\t<div class=\"elementor-container elementor-column-gap-default\">\n\t\t\t\t\t<div class=\"elementor-column elementor-col-100 elementor-top-column elementor-element elementor-element-95b3d70\" data-id=\"95b3d70\" data-element_type=\"column\" data-settings=\"{&quot;background_background&quot;:&quot;gradient&quot;}\">\n\t\t\t<div class=\"elementor-widget-wrap elementor-element-populated\">\n\t\t\t\t\t\t<div class=\"elementor-element elementor-element-dfd721c elementor-widget elementor-widget-heading\" data-id=\"dfd721c\" data-element_type=\"widget\" data-widget_type=\"heading.default\">\n\t\t\t\t<div class=\"elementor-widget-container\">\n\t\t\t\t\t<h3 class=\"elementor-heading-title elementor-size-default\">Find your ideal apartment\n<\/h3>\t\t\t\t<\/div>\n\t\t\t\t<\/div>\n\t\t\t\t<div class=\"elementor-element elementor-element-4841840 horizontal elementor-widget elementor-widget-wp-widget-xyz_insert_php_widget\" data-id=\"4841840\" data-element_type=\"widget\" id=\"avantio-form\" data-widget_type=\"wp-widget-xyz_insert_php_widget.default\">\n\t\t\t\t<div class=\"elementor-widget-container\">\n\t\t\t\t\t\r\n<link rel=\"stylesheet\" href=\"https:\/\/crs.avantio.com\/default\/css\/flexible-search.css\" type=\"text\/css\">\r\n<div id=\"sombrap\" style=\"width:100%; padding:0px; left:0px; float:left; position:relative; *margin-left:0px; overflow: inherit; \">\r\n\t<div id=\"contenedor2\" style=\"width:100%; *height:0px; padding:0px;  \">\r\n\t\t<div id=\"contenidop2\" style=\"width:100%; padding:0px; background-color:transparent; position:relative; float:left;\">\r\n\t\t\t<form name=\"formBusquedaAlquileres\" id=\"formBusquedaAlquileres\" target=\"_parent\" method=\"POST\" action=\"\/en\/formularioMiniOptimized.php\/\" data-trp-original-action=\"\/formularioMiniOptimized.php\">\r\n\t\t\t<input type=\"hidden\" name=\"FRMNuevaBusqueda\" value='si'>\r\n     \t\t<input type=\"hidden\" name=\"FRMPopup\" value='si'>\r\n\t\t\t<input type=\"hidden\" name=\"FORMULARIO\" value='ALQUILER_ONLINE'>\r\n\t\t\t<input type=\"hidden\" name=\"FRMPurpose\" value='ALQUILER'>\r\n\t\t\t<input type=\"hidden\" name=\"bk\"  id=\"bk\" value='bk_costaluz'>\r\n\t\t\t<input type=\"hidden\" name=\"Idioma\" id=\"Idioma\" value='EN'>\r\n\t\t\t<input type=\"hidden\" name=\"EdadesNinyos\" id=\"EdadesNinyos\" value=''>\r\n\t\t\t<input type=\"hidden\" name=\"tiposPlural\"  id=\"tiposPlural\" value='apartments-country-houses'>\r\n\t\t\t<input type=\"hidden\" name=\"idbk\"  id=\"idbk\" value='1619'>\r\n\t\t\t<input type=\"hidden\" name=\"esPortal\"  id=\"esPortal\" value='0'>\r\n\t\t\t<input type=\"hidden\" name=\"esBk2\"  id=\"esBk2\" value=''>\r\n\t\t\t<input type=\"hidden\" name=\"Margen_inicio_reserva\"  id=\"Margen_inicio_reserva\" value='1'>\r\n\t\t\t<input type=\"hidden\" name=\"RELEASE_MIN_PROPIEDAD\"  id=\"RELEASE_MIN_PROPIEDAD\" value=''>\r\n\t\t\t<input type=\"hidden\" name=\"release_time_zone\"  id=\"release_time_zone\"  value=''>\r\n\t\t\t<input type=\"hidden\" name=\"regional_conf_locale\"  id=\"regional_conf_locale\"  value=''>\r\n\t\t\t<input type=\"hidden\" name=\"limitMonths\"  id=\"limitMonths\"  value='24'>\r\n\t\t\t<input type=\"hidden\" name=\"seleccionObligadaPais\"  id=\"seleccionObligadaPais\" value='0'>\r\n\t\t\t<input type=\"hidden\" name=\"seleccionObligadaZona\"  id=\"seleccionObligadaZona\" value='0'>\r\n\t\t\t<input type=\"hidden\" name=\"seleccionObligadaProvincia\"  id=\"seleccionObligadaProvincia\" value='0'>\r\n\t\t\t<input type=\"hidden\" name=\"seleccionObligadaRegionProvincia\"  id=\"seleccionObligadaRegionProvincia\" value='0'>\r\n\t\t\t<input type=\"hidden\" name=\"seleccionObligadaPoblacion\"  id=\"seleccionObligadaPoblacion\" value='0'>\r\n\t\t\t<input type=\"hidden\" name=\"filtroNombre\"  id=\"filtroNombre\" value='1'>\r\n\t\t\t<input type=\"hidden\" name=\"filtroPais\"  id=\"filtroPais\" value='0'>\r\n\t\t\t<input type=\"hidden\" name=\"filtroZonas\"  id=\"filtroZonas\" value='0'>\r\n\t\t\t<input type=\"hidden\" name=\"filtroRegionProvincia\" id=\"filtroRegionProvincia\" value='0'>\r\n\t\t\t<input type=\"hidden\" name=\"filtroProvincia\" id=\"filtroProvincia\" value='0'>\r\n\t\t\t<input type=\"hidden\" name=\"filtroDestino\" id=\"filtroDestino\" value='1'>\r\n\t\t\t<input type=\"hidden\" name=\"filtroUrbaEdif\" id=\"filtroUrbaEdif\" value='0'>\r\n\t\t\t<input type=\"hidden\" name=\"filtroClase\" id=\"filtroClase\" value='1'>\r\n\t\t\t<input type=\"hidden\" name=\"filtroBarrio\" id=\"filtroBarrio\" value='0'>\r\n\t\t\t<input type=\"hidden\" name=\"errorBusquedaPais\"  id=\"errorBusquedaPais\" value='You have to select a country'>\r\n\t\t\t<input type=\"hidden\" name=\"errorBusquedaDestino\"  id=\"errorBusquedaDestino\" value='You have to select a town'>\r\n\t\t\t<input type=\"hidden\" name=\"errorBusquedaProvincia\"  id=\"errorBusquedaProvincia\" value='You have to select a province'>\r\n\t\t\t<input type=\"hidden\" name=\"errorBusquedaRegionProvincia\"  id=\"errorBusquedaRegionProvincia\" value='You have to select a region-province'>\r\n\t\t\t<input type=\"hidden\" name=\"errorBusquedaZona\"  id=\"errorBusquedaZona\" value='You have to select a region'>\r\n\t\t\t<input type=\"hidden\" name=\"errorBusquedaAdultos\"  id=\"errorBusquedaAdultos\" value=\"Please introduce the number of guests\">\r\n\t\t\t<input type=\"hidden\" name=\"errorBusquedaNinyos\"  id=\"errorBusquedaNinyos\" value=\"Please introduce the ages of the children\">\r\n\t\t\t<input type=\"hidden\" name=\"textoMetasEn\"  id=\"textoMetasEn\" value='in'>\r\n\t\t\t<input type=\"hidden\" name=\"urlAlquiler\"  id=\"urlAlquiler\" value='rentals'>  \r\n\t\t\t<input type=\"hidden\" name=\"urlAlq\"  id=\"urlAlq\" value='holidays-rentals'>\r\n\t\t\t<input type=\"hidden\" name=\"urlVac\"  id=\"urlVac\" value='holiday'>\r\n\t\t\t<input type=\"hidden\" name=\"textoMetasEn\"  id=\"textoMetasEn\" value='in'>\r\n\t\t\t<input type=\"hidden\" name=\"i18tiposPlural\"  id=\"i18tiposPlural\" value=\"1\/apartments;2\/villas;3\/hotels;4\/aparthotels;6\/flats;7\/commercial-premises;9\/rural-houses;10\/garages;13\/semi-detached-house;14\/studios;19\/houses;20\/chalets;21\/bungalows;22\/country-houses;27\/mobile-home;28\/rent-by-room;29\/penthouses;30\/business-lease-transfer;31\/boats;32\/condominiums;33\/terraced-houses;34\/farm-stays;35\/trullo;36\/Cabins;\">\r\n\t\t\t<input type=\"hidden\" name=\"cargandoDatos\"  id=\"cargandoDatos\" value='Loading data...'>\r\n\t\t\t<input type=\"hidden\" name=\"formatoUrl\"  id=\"formatoUrl\" value=\"1\">\r\n\t\t\t<input type=\"hidden\" name=\"UrlOnline\"  id=\"UrlOnline\" value='1'>\r\n            <input type=\"hidden\" name=\"APP_PROTO\"  id=\"APP_PROTO\" value='https:'>\r\n            <input type=\"hidden\" name=\"ES_MINIFORM\" id=\"ES_MINIFORM\" value='1'>\r\n            <input type=\"hidden\" name=\"datePickerFormat\" id=\"datePickerFormat\" value='dd\/mm\/yy'>\r\n            <input type=\"hidden\" name=\"firstDayOfWeek\" id=\"firstDayOfWeek\" value='1'>\r\n            <input type=\"hidden\" name=\"EDAD_MAXIMA_NINYO\" id=\"EDAD_MAXIMA_NINYO\" value='14'>\r\n            <input type=\"hidden\" name=\"flexible-search\" id=\"flexible-search\" value='0'>\r\n            <input type=\"hidden\" name=\"template-version\" id=\"template-version\" value='lite'>\r\n\t\t\t\t\t\t<input type=\"hidden\" name=\"rutaRewriteOnline\"  id=\"rutaRewriteOnline\" value='booking.apartamentoscostaluz.com\/en'>\r\n\t\t\t\t\t\t\t\t<div id=\"divCalendar\" style=\"position:absolute;visibility:hidden;background-color:white;z-index:3\"><\/div>\r\n\t\t\t<div id=\"tabla_form\" style='width:100%'>\r\n\t\t\t\t                <div class='wrapper-FRMEntrada formGroup formGroupBig'>\r\n                  <label> Check in:<\/label>\r\n                  <div class=\"FRMEntrada form_item\">\r\n                    <div id=\"btnFechaEntrada\" style=\"margin-left: 120px;\"><\/div>\r\n                    <input placeholder=\"From\" name=\"FRMEntradaFormateada\" id=\"FRMEntradaFormateada\" type=\"text\" class=\"select_formulario buscador_home_input_dia\" value=\"\" size=\"12\" readonly=\"true\" \/>\r\n                    <input name=\"FRMEntrada\" id=\"FRMEntrada\" type=\"hidden\" value=\"\" readonly=\"true\" \/>\r\n                  <\/div>\r\n                <\/div>\r\n                <div class='wrapper-FRMSalida formGroup formGroupBig'>\r\n                  <label> Check out:<\/label>\r\n                  <div class=\"FRMSalida form_item\">\r\n                    <div id=\"btnFechaSalida\" style=\"margin-left: 120px;\"><\/div>\r\n                    <input placeholder=\"To\" name=\"FRMSalidaFormateada\" id=\"FRMSalidaFormateada\" type=\"text\" class=\"select_formulario buscador_home_input_dia\" value=\"\" size=\"12\" readonly=\"true\" \/>\r\n                    <input name=\"FRMSalida\" id=\"FRMSalida\" type=\"hidden\" value=\"\" readonly=\"true\" \/>\r\n                  <\/div>\r\n                <\/div>\r\n              \t\t\t\t\t\t\t\t\t\t\t\t<div class='wrapper-FRMDestino formGroup formGroupBig'>\r\n\t\t\t\t\t\t\t<label>Town:\r\n\t\t\t\t\t\t\t<\/label>\r\n\t\t\t\t\t\t\t<div class=\"FRMDestino form_item\">\r\n\t\t\t\t\t\t\t\t<select name=\"FRMDestino\" id=\"FRMDestino\" class=\"select select_formulario\" onchange=\"javascript:ejecutaXAJAX('FRMDestino');\">\r\n\t\t\t\t\t\t\t\t\t<option value=''>Select<\/option><option value='9140'>Ayamonte<\/option><option value='427'>Punta Umbria<\/option><option value='462814'>Sanl\u00facar de Guadiana<\/option>\t\t\t\t\t\t\t\t<\/select>\r\n\t\t\t\t\t\t\t<\/div>\r\n\t\t\t\t\t\t<\/div>\r\n\t\t\t\t\t\t\t\t\t\t\t\t\t\t\t\t\t<div class='wrapper-FRMAdultos formGroup formGroupSmall'>\r\n\t\t\t\t\t\t\t<label> Adults:\r\n\t\t\t\t\t\t\t<\/label>\r\n\t\t\t\t\t\t\t<div class=\"FRMAdultos form_item\">\r\n\t\t\t\t\t\t\t\t<select name=\"FRMAdultos\" id=\"FRMAdultos\" class=\"select select_formulario\">\r\n\t\t\t\t\t\t\t\t\t<option value=\"\" selected>Adults<\/option>\r\n\t\t\t\t\t\t\t\t\t<option value=\"\">Select<\/option><option value=\"1\" >1<\/option><option value=\"2\" >2<\/option><option value=\"3\" >3<\/option><option value=\"4\" >4<\/option><option value=\"5\" >5<\/option><option value=\"6\" >6<\/option><option value=\"7\" >7<\/option><option value=\"8\" >8<\/option><option value=\"9\" >9<\/option><option value=\"10\" >10<\/option><option value=\"11\" >11<\/option><option value=\"12\" >12<\/option><option value=\"13\" >13<\/option><option value=\"14\" >14<\/option><option value=\"15\" >15<\/option><option value=\"16\" >16<\/option><option value=\"17\" >17<\/option><option value=\"18\" >18<\/option><option value=\"19\" >19<\/option><option value=\"20\" >20<\/option><option value=\"21\" >21<\/option><option value=\"22\" >22<\/option><option value=\"23\" >23<\/option><option value=\"24\" >24<\/option><option value=\"25\" >25<\/option>\t\t\t\t\t\t\t\t<\/select>\r\n\t\t\t\t\t\t\t<\/div>\r\n\t\t\t\t\t\t<\/div>\r\n\t\t\t\t\t\t\t\t\t\t\t\t<div id=\"contenido_buscar\" class='formGroup formGroupBig'>\r\n\t\t\t\t\t\t\t<div id=\"container_buton\" >\r\n\t\t\t\t\t\t\t\t<a href=\"javascript:if (validaForm()){enviaForm('')};\" class=\"boton\" id=\"buscar\">\r\n\t\t\t\t\t\t\t\t\t<div class=\"capaButton\" id=\"capab\">\t\t\t\t\t\t\t\r\n\t\t\t\t\t\t\t\t\t\t<div class=\"InterButton\">\r\n\t\t\t\t\t\t\t\t\t\t\tSearch\t\t\t\t\t\t\t\t\t\t<\/div>\r\n\t\t\t\t\t\t\t\t\t<\/div>\t\r\n\t\t\t\t\t\t\t\t<\/a>\r\n\t\t\t\t\t\t\t<\/div>\r\n\t\t\t\t\t\t<\/div>\r\n\t\t\t\t\t<\/div>\r\n\t\t\t\t\t\r\n\t\t\t\t\t\t<div class=\"bloque_edadesNinyos\">\r\n\t\t\t\t\t\t\t<div id=\"edades\" ><\/div>\r\n\t\t\t\t\t\t\t\t<div id=\"acepta_ninos\" style=\"display:none;\" onclick=\"javascript:getElementById('edades').style.display = 'none';\tgetElementById('acepta_ninos').style.display = 'none'; document.getElementById('tabla_form').style.display = 'block';\">\r\n\t\t\t\t\t\t\t\t\t<div class=\"capaButtonNinyos\">\t\t\t\t\t\t\t\r\n\t\t\t\t\t\t\t\t\t\t\t<div class=\"InterButtonNinyos\">\r\n\t\t\t\t\t\t\t\t\t\t\t\t<a class=\"botonNinyo\">OK<\/a> \r\n\t\t\t\t\t\t\t\t\t\t\t<\/div>\r\n\t\t\t\t\t\t\t\t\t<\/div>\t\t\t\t\t\t\t\r\n\t\t\t\t\t\t\t\t<\/div>\r\n\t\t\t\t\t\t<\/div>\r\n\t\t\t\t\t\r\n\t\t\t\t<input type=\"hidden\" name=\"trp-form-language\" value=\"en\"\/><\/form>\r\n\t\t<\/div>\r\n\t<\/div>\r\n<\/div>\r\n\t<script type=\"text\/javascript\">\nvar xajaxRequestUri=\"https:\/\/booking.apartamentoscostaluz.com\/en\/rentals\/gestorFormulario.php\";\nvar xajaxDebug=false;\nvar xajaxStatusMessages=false;\nvar xajaxWaitCursor=true;\nvar xajaxDefinedGet=0;\nvar xajaxDefinedPost=1;\nvar xajaxLoaded=false;\nfunction xajax_buscando(){return xajax.call(\"buscando\", arguments, 1);}\nfunction xajax_resultados(){return xajax.call(\"resultados\", arguments, 1);}\nfunction xajax_edadesninyos(){return xajax.call(\"edadesninyos\", arguments, 1);}\nfunction xajax_edadesninyos2(){return xajax.call(\"edadesninyos2\", arguments, 1);}\nfunction xajax_calculaDispoLE(){return xajax.call(\"calculaDispoLE\", arguments, 1);}\nfunction xajax_calculaPrecio(){return xajax.call(\"calculaPrecio\", arguments, 1);}\nfunction xajax_showTarifas(){return xajax.call(\"showTarifas\", arguments, 1);}\nfunction xajax_appendTarifa(){return xajax.call(\"appendTarifa\", arguments, 1);}\nfunction xajax_appendDescuento(){return xajax.call(\"appendDescuento\", arguments, 1);}\nfunction xajax_showPeriodos(){return xajax.call(\"showPeriodos\", arguments, 1);}\nfunction xajax_calculaPrecioHotel(){return xajax.call(\"calculaPrecioHotel\", arguments, 1);}\nfunction xajax_refrescaCombos(){return xajax.call(\"refrescaCombos\", arguments, 1);}\nfunction xajax_autoComplete(){return xajax.call(\"autoComplete\", arguments, 1);}\nfunction xajax_insertaFavorito(){return xajax.call(\"insertaFavorito\", arguments, 1);}\nfunction xajax_codigoPromocional(){return xajax.call(\"codigoPromocional\", arguments, 1);}\nfunction xajax_guardaValoracionUtil(){return xajax.call(\"guardaValoracionUtil\", arguments, 1);}\nfunction xajax_getURLBusqueda(){return xajax.call(\"getURLBusqueda\", arguments, 1);}\nfunction xajax_getURLForm(){return xajax.call(\"getURLForm\", arguments, 1);}\nfunction xajax_setCookieCurrency(){return xajax.call(\"setCookieCurrency\", arguments, 1);}\nfunction xajax_enviaContacto(){return xajax.call(\"enviaContacto\", arguments, 1);}\nfunction xajax_calculaPrecioReserva(){return xajax.call(\"calculaPrecioReserva\", arguments, 1);}\nfunction xajax_changeUrlResultados(){return xajax.call(\"changeUrlResultados\", arguments, 1);}\nfunction xajax_sendByEmail(){return xajax.call(\"sendByEmail\", arguments, 1);}\n\t<\/script>\n\t<script type=\"text\/javascript\" src=\"https:\/\/crs.avantio.com\/default\/js\/xajax\/xajax_js\/xajax.js\"><\/script>\n\t<script type=\"text\/javascript\">\nwindow.setTimeout(function () { if (!xajaxLoaded) { alert('Error: the xajax Javascript file could not be included. Perhaps the URL is incorrect?\\nURL: .\/default\/js\/xajax\/xajax_js\/xajax.js'); } }, 6000);\n\t<\/script>\n\t\t\t\t<\/div>\n\t\t\t\t<\/div>\n\t\t\t\t\t<\/div>\n\t\t<\/div>\n\t\t\t\t\t<\/div>\n\t\t<\/section>\n\t\t\t\t<section class=\"elementor-section elementor-top-section elementor-element elementor-element-191c6073 elementor-section-height-min-height elementor-section-boxed elementor-section-height-default elementor-section-items-middle wpr-particle-no wpr-jarallax-no wpr-parallax-no wpr-sticky-section-no\" data-id=\"191c6073\" data-element_type=\"section\">\n\t\t\t\t\t\t<div class=\"elementor-container elementor-column-gap-default\">\n\t\t\t\t\t<div class=\"elementor-column elementor-col-100 elementor-top-column elementor-element elementor-element-3538ba94\" data-id=\"3538ba94\" data-element_type=\"column\">\n\t\t\t<div class=\"elementor-widget-wrap elementor-element-populated\">\n\t\t\t\t\t\t<div class=\"elementor-element elementor-element-53be855e elementor-widget elementor-widget-text-editor\" data-id=\"53be855e\" data-element_type=\"widget\" data-widget_type=\"text-editor.default\">\n\t\t\t\t<div class=\"elementor-widget-container\">\n\t\t\t\t\t\t\t\t\t<p>Huelva: land of sunshine, beaches, mountains, meadows, countryside and history... Paradise of contrasts where nature gifts us natural phenomena of international fame such as Do\u00f1ana National Park or the alien landscape of the River Tinto, and other lesser known but nonetheless important beauties of nature, such as the 'Marismas del Odiel' Natural Park or the 'Sierra de Aracena' Natural Park and 'Picos de Aroche'. Huelva is an inevitable destination for history lovers interested in the discovery of America and the history of universal literature fuelled by protagonist Juan Ram\u00f3n Jim\u00e9nez. This is an ideal place to go for tourists and travellers interested in traditional local festivities such as the famous 'El Roc\u00edo', not to mention sports lovers of all types.<\/p>\t\t\t\t\t\t\t\t<\/div>\n\t\t\t\t<\/div>\n\t\t\t\t\t<\/div>\n\t\t<\/div>\n\t\t\t\t\t<\/div>\n\t\t<\/section>\n\t\t\t\t<section class=\"elementor-section elementor-top-section elementor-element elementor-element-209df88 elementor-section-full_width elementor-section-height-default elementor-section-height-default wpr-particle-no wpr-jarallax-no wpr-parallax-no wpr-sticky-section-no\" data-id=\"209df88\" data-element_type=\"section\">\n\t\t\t\t\t\t<div class=\"elementor-container elementor-column-gap-default\">\n\t\t\t\t\t<div class=\"elementor-column elementor-col-100 elementor-top-column elementor-element elementor-element-73440fbf\" data-id=\"73440fbf\" data-element_type=\"column\">\n\t\t\t<div class=\"elementor-widget-wrap elementor-element-populated\">\n\t\t\t\t\t\t<div class=\"elementor-element elementor-element-17ebc462 elementor-widget elementor-widget-heading\" data-id=\"17ebc462\" data-element_type=\"widget\" data-widget_type=\"heading.default\">\n\t\t\t\t<div class=\"elementor-widget-container\">\n\t\t\t\t\t<h3 class=\"elementor-heading-title elementor-size-default\">Interesting Links<\/h3>\t\t\t\t<\/div>\n\t\t\t\t<\/div>\n\t\t\t\t<section class=\"elementor-section elementor-inner-section elementor-element elementor-element-302e0e17 elementor-section-boxed elementor-section-height-default elementor-section-height-default wpr-particle-no wpr-jarallax-no wpr-parallax-no wpr-sticky-section-no\" data-id=\"302e0e17\" data-element_type=\"section\">\n\t\t\t\t\t\t<div class=\"elementor-container elementor-column-gap-default\">\n\t\t\t\t\t<div class=\"elementor-column elementor-col-100 elementor-inner-column elementor-element elementor-element-abe78b2\" data-id=\"abe78b2\" data-element_type=\"column\">\n\t\t\t<div class=\"elementor-widget-wrap elementor-element-populated\">\n\t\t\t\t\t\t<div class=\"elementor-element elementor-element-3189a0df elementor-icon-list--layout-traditional elementor-list-item-link-full_width elementor-widget elementor-widget-icon-list\" data-id=\"3189a0df\" data-element_type=\"widget\" data-widget_type=\"icon-list.default\">\n\t\t\t\t<div class=\"elementor-widget-container\">\n\t\t\t\t\t\t\t<ul class=\"elementor-icon-list-items\">\n\t\t\t\t\t\t\t<li class=\"elementor-icon-list-item\">\n\t\t\t\t\t\t\t\t\t\t\t<a href=\"http:\/\/www.turismohuelva.org\/en\/\">\n\n\t\t\t\t\t\t\t\t\t\t\t\t<span class=\"elementor-icon-list-icon\">\n\t\t\t\t\t\t\t\t\t\t\t\t\t\t\t\t<i class=\"fa fa-check\" aria-hidden=\"true\"><\/i>\n\t\t\t\t\t\t\t\t\t\t\t\t\t<\/span>\n\t\t\t\t\t\t\t\t\t\t<span class=\"elementor-icon-list-text\">Huelva Tourism<\/span>\n\t\t\t\t\t\t\t\t\t\t\t<\/a>\n\t\t\t\t\t\t\t\t\t<\/li>\n\t\t\t\t\t\t\t\t<li class=\"elementor-icon-list-item\">\n\t\t\t\t\t\t\t\t\t\t\t<a href=\"http:\/\/www.andalucia.org\/en\/destinations\/provinces\/huelva\/\">\n\n\t\t\t\t\t\t\t\t\t\t\t\t<span class=\"elementor-icon-list-icon\">\n\t\t\t\t\t\t\t\t\t\t\t\t\t\t\t\t<i class=\"fa fa-check\" aria-hidden=\"true\"><\/i>\n\t\t\t\t\t\t\t\t\t\t\t\t\t<\/span>\n\t\t\t\t\t\t\t\t\t\t<span class=\"elementor-icon-list-text\">Andalucia.org<\/span>\n\t\t\t\t\t\t\t\t\t\t\t<\/a>\n\t\t\t\t\t\t\t\t\t<\/li>\n\t\t\t\t\t\t<\/ul>\n\t\t\t\t\t\t<\/div>\n\t\t\t\t<\/div>\n\t\t\t\t\t<\/div>\n\t\t<\/div>\n\t\t\t\t\t<\/div>\n\t\t<\/section>\n\t\t\t\t\t<\/div>\n\t\t<\/div>\n\t\t\t\t\t<\/div>\n\t\t<\/section>\n\t\t\t\t<\/div>","protected":false},"excerpt":{"rendered":"<p>Ruta cultural Encuentra tu apartamento ideal Huelva, tierra de sol, playas, sierra, dehesa, minas, pa\u00edsajes e historia&#8230; Para\u00edso de contrastes donde la naturaleza nos brinda espacios naturales de fama internacional como el Parque Nacional de Do\u00f1ana o el paisaje marciano del r\u00edo Tinto, y otros menos conocidos pero tambi\u00e9n importantes como el Paraje Natural Marismas del Odiel o el Parque Natural Sierra de Aracena y Picos de Aroche. Huelva es destino inevitable de los amantes de la Historia del Descubrimiento de Am\u00e9rica y de esa parte de la Historia de la Literatura Universal que tiene como protagonista a Juan Ram\u00f3n Jim\u00e9nez. Lugar ideal para los adictos a fiestas tan tradicionales y renombradas como El Roc\u00edo, as\u00ed como para los aficionados a deportes de toda \u00edndole. Enlaces de inter\u00e9s Turismo de Huelva Andalucia.org<\/p>","protected":false},"author":1,"featured_media":0,"parent":0,"menu_order":0,"comment_status":"closed","ping_status":"closed","template":"","meta":{"footnotes":""},"class_list":["post-757","page","type-page","status-publish","hentry"],"_links":{"self":[{"href":"https:\/\/apartamentoscostaluz.com\/en\/wp-json\/wp\/v2\/pages\/757","targetHints":{"allow":["GET"]}}],"collection":[{"href":"https:\/\/apartamentoscostaluz.com\/en\/wp-json\/wp\/v2\/pages"}],"about":[{"href":"https:\/\/apartamentoscostaluz.com\/en\/wp-json\/wp\/v2\/types\/page"}],"author":[{"embeddable":true,"href":"https:\/\/apartamentoscostaluz.com\/en\/wp-json\/wp\/v2\/users\/1"}],"replies":[{"embeddable":true,"href":"https:\/\/apartamentoscostaluz.com\/en\/wp-json\/wp\/v2\/comments?post=757"}],"version-history":[{"count":8,"href":"https:\/\/apartamentoscostaluz.com\/en\/wp-json\/wp\/v2\/pages\/757\/revisions"}],"predecessor-version":[{"id":1194,"href":"https:\/\/apartamentoscostaluz.com\/en\/wp-json\/wp\/v2\/pages\/757\/revisions\/1194"}],"wp:attachment":[{"href":"https:\/\/apartamentoscostaluz.com\/en\/wp-json\/wp\/v2\/media?parent=757"}],"curies":[{"name":"wp","href":"https:\/\/api.w.org\/{rel}","templated":true}]}}