{"id":763,"date":"2019-04-29T13:02:35","date_gmt":"2019-04-29T11:02:35","guid":{"rendered":"https:\/\/apartamentoscostaluz.com\/?page_id=763"},"modified":"2019-06-19T16:37:33","modified_gmt":"2019-06-19T14:37:33","slug":"gastronomia-vinos","status":"publish","type":"page","link":"https:\/\/apartamentoscostaluz.com\/sv\/gastronomia-vinos\/","title":{"rendered":"Gastronom\u00eda &#038; vinos"},"content":{"rendered":"<div data-elementor-type=\"wp-post\" data-elementor-id=\"763\" class=\"elementor elementor-763\" data-elementor-post-type=\"page\">\n\t\t\t\t\t\t<section class=\"elementor-section elementor-top-section elementor-element elementor-element-6cda80d5 elementor-section-full_width elementor-section-height-min-height elementor-section-height-default elementor-section-items-middle wpr-particle-no wpr-jarallax-no wpr-parallax-no wpr-sticky-section-no\" data-id=\"6cda80d5\" data-element_type=\"section\" data-settings=\"{&quot;background_background&quot;:&quot;classic&quot;}\">\n\t\t\t\t\t\t\t<div class=\"elementor-background-overlay\"><\/div>\n\t\t\t\t\t\t\t<div class=\"elementor-container elementor-column-gap-no\">\n\t\t\t\t\t<div class=\"elementor-column elementor-col-100 elementor-top-column elementor-element elementor-element-4c48b132\" data-id=\"4c48b132\" data-element_type=\"column\">\n\t\t\t<div class=\"elementor-widget-wrap elementor-element-populated\">\n\t\t\t\t\t\t<div class=\"elementor-element elementor-element-35663d2d elementor-widget elementor-widget-heading\" data-id=\"35663d2d\" data-element_type=\"widget\" data-widget_type=\"heading.default\">\n\t\t\t\t<div class=\"elementor-widget-container\">\n\t\t\t\t\t<h2 class=\"elementor-heading-title elementor-size-default translation-block\">Gastronomi &amp; viner<\/h2>\t\t\t\t<\/div>\n\t\t\t\t<\/div>\n\t\t\t\t\t<\/div>\n\t\t<\/div>\n\t\t\t\t\t<\/div>\n\t\t<\/section>\n\t\t\t\t<section class=\"elementor-section elementor-top-section elementor-element elementor-element-e2d1546 elementor-section-full_width elementor-section-height-min-height elementor-section-items-stretch elementor-section-content-middle elementor-hidden-tablet elementor-hidden-phone elementor-section-height-default wpr-particle-no wpr-jarallax-no wpr-parallax-no wpr-sticky-section-no\" data-id=\"e2d1546\" data-element_type=\"section\" data-settings=\"{&quot;background_background&quot;:&quot;video&quot;,&quot;background_video_start&quot;:15,&quot;background_video_end&quot;:80}\">\n\t\t\t\t\t\t<div class=\"elementor-container elementor-column-gap-default\">\n\t\t\t\t\t<div class=\"elementor-column elementor-col-100 elementor-top-column elementor-element elementor-element-fa4d615\" data-id=\"fa4d615\" data-element_type=\"column\" data-settings=\"{&quot;background_background&quot;:&quot;gradient&quot;}\">\n\t\t\t<div class=\"elementor-widget-wrap elementor-element-populated\">\n\t\t\t\t\t\t<div class=\"elementor-element elementor-element-a5139b7 elementor-widget elementor-widget-heading\" data-id=\"a5139b7\" data-element_type=\"widget\" data-widget_type=\"heading.default\">\n\t\t\t\t<div class=\"elementor-widget-container\">\n\t\t\t\t\t<h3 class=\"elementor-heading-title elementor-size-default\">Hitta din perfekta l\u00e4genhet\n<\/h3>\t\t\t\t<\/div>\n\t\t\t\t<\/div>\n\t\t\t\t<div class=\"elementor-element elementor-element-8762efb horizontal elementor-widget elementor-widget-wp-widget-xyz_insert_php_widget\" data-id=\"8762efb\" data-element_type=\"widget\" id=\"avantio-form\" data-widget_type=\"wp-widget-xyz_insert_php_widget.default\">\n\t\t\t\t<div class=\"elementor-widget-container\">\n\t\t\t\t\t\r\n<link rel=\"stylesheet\" href=\"https:\/\/crs.avantio.com\/default\/css\/flexible-search.css\" type=\"text\/css\">\r\n<div id=\"sombrap\" style=\"width:100%; padding:0px; left:0px; float:left; position:relative; *margin-left:0px; overflow: inherit; \">\r\n\t<div id=\"contenedor2\" style=\"width:100%; *height:0px; padding:0px;  \">\r\n\t\t<div id=\"contenidop2\" style=\"width:100%; padding:0px; background-color:transparent; position:relative; float:left;\">\r\n\t\t\t<form name=\"formBusquedaAlquileres\" id=\"formBusquedaAlquileres\" target=\"_parent\" method=\"POST\" action=\"\/sv\/formularioMiniOptimized.php\/\" data-trp-original-action=\"\/formularioMiniOptimized.php\">\r\n\t\t\t<input type=\"hidden\" name=\"FRMNuevaBusqueda\" value='si'>\r\n     \t\t<input type=\"hidden\" name=\"FRMPopup\" value='si'>\r\n\t\t\t<input type=\"hidden\" name=\"FORMULARIO\" value='ALQUILER_ONLINE'>\r\n\t\t\t<input type=\"hidden\" name=\"FRMPurpose\" value='ALQUILER'>\r\n\t\t\t<input type=\"hidden\" name=\"bk\"  id=\"bk\" value='bk_costaluz'>\r\n\t\t\t<input type=\"hidden\" name=\"Idioma\" id=\"Idioma\" value='SV'>\r\n\t\t\t<input type=\"hidden\" name=\"EdadesNinyos\" id=\"EdadesNinyos\" value=''>\r\n\t\t\t<input type=\"hidden\" name=\"tiposPlural\"  id=\"tiposPlural\" value='lagenheter-hus'>\r\n\t\t\t<input type=\"hidden\" name=\"idbk\"  id=\"idbk\" value='1619'>\r\n\t\t\t<input type=\"hidden\" name=\"esPortal\"  id=\"esPortal\" value='0'>\r\n\t\t\t<input type=\"hidden\" name=\"esBk2\"  id=\"esBk2\" value=''>\r\n\t\t\t<input type=\"hidden\" name=\"Margen_inicio_reserva\"  id=\"Margen_inicio_reserva\" value='1'>\r\n\t\t\t<input type=\"hidden\" name=\"RELEASE_MIN_PROPIEDAD\"  id=\"RELEASE_MIN_PROPIEDAD\" value=''>\r\n\t\t\t<input type=\"hidden\" name=\"release_time_zone\"  id=\"release_time_zone\"  value=''>\r\n\t\t\t<input type=\"hidden\" name=\"regional_conf_locale\"  id=\"regional_conf_locale\"  value=''>\r\n\t\t\t<input type=\"hidden\" name=\"limitMonths\"  id=\"limitMonths\"  value='24'>\r\n\t\t\t<input type=\"hidden\" name=\"seleccionObligadaPais\"  id=\"seleccionObligadaPais\" value='0'>\r\n\t\t\t<input type=\"hidden\" name=\"seleccionObligadaZona\"  id=\"seleccionObligadaZona\" value='0'>\r\n\t\t\t<input type=\"hidden\" name=\"seleccionObligadaProvincia\"  id=\"seleccionObligadaProvincia\" value='0'>\r\n\t\t\t<input type=\"hidden\" name=\"seleccionObligadaRegionProvincia\"  id=\"seleccionObligadaRegionProvincia\" value='0'>\r\n\t\t\t<input type=\"hidden\" name=\"seleccionObligadaPoblacion\"  id=\"seleccionObligadaPoblacion\" value='0'>\r\n\t\t\t<input type=\"hidden\" name=\"filtroNombre\"  id=\"filtroNombre\" value='1'>\r\n\t\t\t<input type=\"hidden\" name=\"filtroPais\"  id=\"filtroPais\" value='0'>\r\n\t\t\t<input type=\"hidden\" name=\"filtroZonas\"  id=\"filtroZonas\" value='0'>\r\n\t\t\t<input type=\"hidden\" name=\"filtroRegionProvincia\" id=\"filtroRegionProvincia\" value='0'>\r\n\t\t\t<input type=\"hidden\" name=\"filtroProvincia\" id=\"filtroProvincia\" value='0'>\r\n\t\t\t<input type=\"hidden\" name=\"filtroDestino\" id=\"filtroDestino\" value='1'>\r\n\t\t\t<input type=\"hidden\" name=\"filtroUrbaEdif\" id=\"filtroUrbaEdif\" value='0'>\r\n\t\t\t<input type=\"hidden\" name=\"filtroClase\" id=\"filtroClase\" value='1'>\r\n\t\t\t<input type=\"hidden\" name=\"filtroBarrio\" id=\"filtroBarrio\" value='0'>\r\n\t\t\t<input type=\"hidden\" name=\"errorBusquedaPais\"  id=\"errorBusquedaPais\" value='Du m\u00e5ste v\u00e4lja ett land'>\r\n\t\t\t<input type=\"hidden\" name=\"errorBusquedaDestino\"  id=\"errorBusquedaDestino\" value='Du m\u00e5ste v\u00e4lja en stad'>\r\n\t\t\t<input type=\"hidden\" name=\"errorBusquedaProvincia\"  id=\"errorBusquedaProvincia\" value='Du m\u00e5ste v\u00e4lja en provins'>\r\n\t\t\t<input type=\"hidden\" name=\"errorBusquedaRegionProvincia\"  id=\"errorBusquedaRegionProvincia\" value='Du m\u00e5ste v\u00e4lja en region-provins'>\r\n\t\t\t<input type=\"hidden\" name=\"errorBusquedaZona\"  id=\"errorBusquedaZona\" value='Du m\u00e5ste v\u00e4lja en region'>\r\n\t\t\t<input type=\"hidden\" name=\"errorBusquedaAdultos\"  id=\"errorBusquedaAdultos\" value=\"V\u00e4nligen ange antalet g\u00e4ster\">\r\n\t\t\t<input type=\"hidden\" name=\"errorBusquedaNinyos\"  id=\"errorBusquedaNinyos\" value=\"V\u00e4nligen ange \u00e5lder p\u00e5 barnen\">\r\n\t\t\t<input type=\"hidden\" name=\"textoMetasEn\"  id=\"textoMetasEn\" value='in'>\r\n\t\t\t<input type=\"hidden\" name=\"urlAlquiler\"  id=\"urlAlquiler\" value='uthyrning'>  \r\n\t\t\t<input type=\"hidden\" name=\"urlAlq\"  id=\"urlAlq\" value='resor-bost\u00e4der'>\r\n\t\t\t<input type=\"hidden\" name=\"urlVac\"  id=\"urlVac\" value='semester'>\r\n\t\t\t<input type=\"hidden\" name=\"textoMetasEn\"  id=\"textoMetasEn\" value='in'>\r\n\t\t\t<input type=\"hidden\" name=\"i18tiposPlural\"  id=\"i18tiposPlural\" value=\"1\/l\u00e4genheter;2\/villor;3\/hotell;4\/l\u00e4genhetshotell;6\/pisos;7\/komersiella-lokaler;9\/lantliga-hus;10\/garage;13\/radhus;14\/studio;19\/hus;20\/chalets;21\/bungalows;22\/hus;27\/mobilt-hem;28\/s\u00e4ng-och-frukost;29\/vindar;30\/aff\u00e4rshyra-\u00f6verf\u00f6ring;31\/b\u00e5tar;32\/villa;33\/townhouses;34\/Bondg\u00e5rdar;35\/trullo;36\/Stugor;\">\r\n\t\t\t<input type=\"hidden\" name=\"cargandoDatos\"  id=\"cargandoDatos\" value='Laddar data...'>\r\n\t\t\t<input type=\"hidden\" name=\"formatoUrl\"  id=\"formatoUrl\" value=\"1\">\r\n\t\t\t<input type=\"hidden\" name=\"UrlOnline\"  id=\"UrlOnline\" value='1'>\r\n            <input type=\"hidden\" name=\"APP_PROTO\"  id=\"APP_PROTO\" value='https:'>\r\n            <input type=\"hidden\" name=\"ES_MINIFORM\" id=\"ES_MINIFORM\" value='1'>\r\n            <input type=\"hidden\" name=\"datePickerFormat\" id=\"datePickerFormat\" value='dd\/mm\/yy'>\r\n            <input type=\"hidden\" name=\"firstDayOfWeek\" id=\"firstDayOfWeek\" value='1'>\r\n            <input type=\"hidden\" name=\"EDAD_MAXIMA_NINYO\" id=\"EDAD_MAXIMA_NINYO\" value='14'>\r\n            <input type=\"hidden\" name=\"flexible-search\" id=\"flexible-search\" value='0'>\r\n            <input type=\"hidden\" name=\"template-version\" id=\"template-version\" value='lite'>\r\n\t\t\t\t\t\t<input type=\"hidden\" name=\"rutaRewriteOnline\"  id=\"rutaRewriteOnline\" value='booking.apartamentoscostaluz.com\/sv'>\r\n\t\t\t\t\t\t\t\t<div id=\"divCalendar\" style=\"position:absolute;visibility:hidden;background-color:white;z-index:3\"><\/div>\r\n\t\t\t<div id=\"tabla_form\" style='width:100%'>\r\n\t\t\t\t                <div class='wrapper-FRMEntrada formGroup formGroupBig'>\r\n                  <label> Ankomst:<\/label>\r\n                  <div class=\"FRMEntrada form_item\">\r\n                    <div id=\"btnFechaEntrada\" style=\"margin-left: 120px;\"><\/div>\r\n                    <input placeholder=\"Fr\u00e5n\" name=\"FRMEntradaFormateada\" id=\"FRMEntradaFormateada\" type=\"text\" class=\"select_formulario buscador_home_input_dia\" value=\"\" size=\"12\" readonly=\"true\" \/>\r\n                    <input name=\"FRMEntrada\" id=\"FRMEntrada\" type=\"hidden\" value=\"\" readonly=\"true\" \/>\r\n                  <\/div>\r\n                <\/div>\r\n                <div class='wrapper-FRMSalida formGroup formGroupBig'>\r\n                  <label> Avresa:<\/label>\r\n                  <div class=\"FRMSalida form_item\">\r\n                    <div id=\"btnFechaSalida\" style=\"margin-left: 120px;\"><\/div>\r\n                    <input placeholder=\"Till\" name=\"FRMSalidaFormateada\" id=\"FRMSalidaFormateada\" type=\"text\" class=\"select_formulario buscador_home_input_dia\" value=\"\" size=\"12\" readonly=\"true\" \/>\r\n                    <input name=\"FRMSalida\" id=\"FRMSalida\" type=\"hidden\" value=\"\" readonly=\"true\" \/>\r\n                  <\/div>\r\n                <\/div>\r\n              \t\t\t\t\t\t\t\t\t\t\t\t<div class='wrapper-FRMDestino formGroup formGroupBig'>\r\n\t\t\t\t\t\t\t<label>Stad:\r\n\t\t\t\t\t\t\t<\/label>\r\n\t\t\t\t\t\t\t<div class=\"FRMDestino form_item\">\r\n\t\t\t\t\t\t\t\t<select name=\"FRMDestino\" id=\"FRMDestino\" class=\"select select_formulario\" onchange=\"javascript:ejecutaXAJAX('FRMDestino');\">\r\n\t\t\t\t\t\t\t\t\t<option value=''>V\u00e4lj<\/option><option value='9140'>Ayamonte<\/option><option value='427'>Punta Umbria<\/option><option value='462814'>Sanl\u00facar de Guadiana<\/option>\t\t\t\t\t\t\t\t<\/select>\r\n\t\t\t\t\t\t\t<\/div>\r\n\t\t\t\t\t\t<\/div>\r\n\t\t\t\t\t\t\t\t\t\t\t\t\t\t\t\t\t<div class='wrapper-FRMAdultos formGroup formGroupSmall'>\r\n\t\t\t\t\t\t\t<label> Vuxna:\r\n\t\t\t\t\t\t\t<\/label>\r\n\t\t\t\t\t\t\t<div class=\"FRMAdultos form_item\">\r\n\t\t\t\t\t\t\t\t<select name=\"FRMAdultos\" id=\"FRMAdultos\" class=\"select select_formulario\">\r\n\t\t\t\t\t\t\t\t\t<option value=\"\" selected>Vuxna<\/option>\r\n\t\t\t\t\t\t\t\t\t<option value=\"\">V\u00e4lj<\/option><option value=\"1\" >1<\/option><option value=\"2\" >2<\/option><option value=\"3\" >3<\/option><option value=\"4\" >4<\/option><option value=\"5\" >5<\/option><option value=\"6\" >6<\/option><option value=\"7\" >7<\/option><option value=\"8\" >8<\/option><option value=\"9\" >9<\/option><option value=\"10\" >10<\/option><option value=\"11\" >11<\/option><option value=\"12\" >12<\/option><option value=\"13\" >13<\/option><option value=\"14\" >14<\/option><option value=\"15\" >15<\/option><option value=\"16\" >16<\/option><option value=\"17\" >17<\/option><option value=\"18\" >18<\/option><option value=\"19\" >19<\/option><option value=\"20\" >20<\/option><option value=\"21\" >21<\/option><option value=\"22\" >22<\/option><option value=\"23\" >23<\/option><option value=\"24\" >24<\/option><option value=\"25\" >25<\/option>\t\t\t\t\t\t\t\t<\/select>\r\n\t\t\t\t\t\t\t<\/div>\r\n\t\t\t\t\t\t<\/div>\r\n\t\t\t\t\t\t\t\t\t\t\t\t<div id=\"contenido_buscar\" class='formGroup formGroupBig'>\r\n\t\t\t\t\t\t\t<div id=\"container_buton\" >\r\n\t\t\t\t\t\t\t\t<a href=\"javascript:if (validaForm()){enviaForm('')};\" class=\"boton\" id=\"buscar\">\r\n\t\t\t\t\t\t\t\t\t<div class=\"capaButton\" id=\"capab\">\t\t\t\t\t\t\t\r\n\t\t\t\t\t\t\t\t\t\t<div class=\"InterButton\">\r\n\t\t\t\t\t\t\t\t\t\t\tS\u00f6k\t\t\t\t\t\t\t\t\t\t<\/div>\r\n\t\t\t\t\t\t\t\t\t<\/div>\t\r\n\t\t\t\t\t\t\t\t<\/a>\r\n\t\t\t\t\t\t\t<\/div>\r\n\t\t\t\t\t\t<\/div>\r\n\t\t\t\t\t<\/div>\r\n\t\t\t\t\t\r\n\t\t\t\t\t\t<div class=\"bloque_edadesNinyos\">\r\n\t\t\t\t\t\t\t<div id=\"edades\" ><\/div>\r\n\t\t\t\t\t\t\t\t<div id=\"acepta_ninos\" style=\"display:none;\" onclick=\"javascript:getElementById('edades').style.display = 'none';\tgetElementById('acepta_ninos').style.display = 'none'; document.getElementById('tabla_form').style.display = 'block';\">\r\n\t\t\t\t\t\t\t\t\t<div class=\"capaButtonNinyos\">\t\t\t\t\t\t\t\r\n\t\t\t\t\t\t\t\t\t\t\t<div class=\"InterButtonNinyos\">\r\n\t\t\t\t\t\t\t\t\t\t\t\t<a class=\"botonNinyo\">OK<\/a> \r\n\t\t\t\t\t\t\t\t\t\t\t<\/div>\r\n\t\t\t\t\t\t\t\t\t<\/div>\t\t\t\t\t\t\t\r\n\t\t\t\t\t\t\t\t<\/div>\r\n\t\t\t\t\t\t<\/div>\r\n\t\t\t\t\t\r\n\t\t\t\t<input type=\"hidden\" name=\"trp-form-language\" value=\"sv\"\/><\/form>\r\n\t\t<\/div>\r\n\t<\/div>\r\n<\/div>\r\n\t<script type=\"text\/javascript\">\nvar xajaxRequestUri=\"https:\/\/booking.apartamentoscostaluz.com\/sv\/uthyrning\/gestorFormulario.php\";\nvar xajaxDebug=false;\nvar xajaxStatusMessages=false;\nvar xajaxWaitCursor=true;\nvar xajaxDefinedGet=0;\nvar xajaxDefinedPost=1;\nvar xajaxLoaded=false;\nfunction xajax_buscando(){return xajax.call(\"buscando\", arguments, 1);}\nfunction xajax_resultados(){return xajax.call(\"resultados\", arguments, 1);}\nfunction xajax_edadesninyos(){return xajax.call(\"edadesninyos\", arguments, 1);}\nfunction xajax_edadesninyos2(){return xajax.call(\"edadesninyos2\", arguments, 1);}\nfunction xajax_calculaDispoLE(){return xajax.call(\"calculaDispoLE\", arguments, 1);}\nfunction xajax_calculaPrecio(){return xajax.call(\"calculaPrecio\", arguments, 1);}\nfunction xajax_showTarifas(){return xajax.call(\"showTarifas\", arguments, 1);}\nfunction xajax_appendTarifa(){return xajax.call(\"appendTarifa\", arguments, 1);}\nfunction xajax_appendDescuento(){return xajax.call(\"appendDescuento\", arguments, 1);}\nfunction xajax_showPeriodos(){return xajax.call(\"showPeriodos\", arguments, 1);}\nfunction xajax_calculaPrecioHotel(){return xajax.call(\"calculaPrecioHotel\", arguments, 1);}\nfunction xajax_refrescaCombos(){return xajax.call(\"refrescaCombos\", arguments, 1);}\nfunction xajax_autoComplete(){return xajax.call(\"autoComplete\", arguments, 1);}\nfunction xajax_insertaFavorito(){return xajax.call(\"insertaFavorito\", arguments, 1);}\nfunction xajax_codigoPromocional(){return xajax.call(\"codigoPromocional\", arguments, 1);}\nfunction xajax_guardaValoracionUtil(){return xajax.call(\"guardaValoracionUtil\", arguments, 1);}\nfunction xajax_getURLBusqueda(){return xajax.call(\"getURLBusqueda\", arguments, 1);}\nfunction xajax_getURLForm(){return xajax.call(\"getURLForm\", arguments, 1);}\nfunction xajax_setCookieCurrency(){return xajax.call(\"setCookieCurrency\", arguments, 1);}\nfunction xajax_enviaContacto(){return xajax.call(\"enviaContacto\", arguments, 1);}\nfunction xajax_calculaPrecioReserva(){return xajax.call(\"calculaPrecioReserva\", arguments, 1);}\nfunction xajax_changeUrlResultados(){return xajax.call(\"changeUrlResultados\", arguments, 1);}\nfunction xajax_sendByEmail(){return xajax.call(\"sendByEmail\", arguments, 1);}\n\t<\/script>\n\t<script type=\"text\/javascript\" src=\"https:\/\/crs.avantio.com\/default\/js\/xajax\/xajax_js\/xajax.js\"><\/script>\n\t<script type=\"text\/javascript\">\nwindow.setTimeout(function () { if (!xajaxLoaded) { alert('Error: the xajax Javascript file could not be included. Perhaps the URL is incorrect?\\nURL: .\/default\/js\/xajax\/xajax_js\/xajax.js'); } }, 6000);\n\t<\/script>\n\t\t\t\t<\/div>\n\t\t\t\t<\/div>\n\t\t\t\t\t<\/div>\n\t\t<\/div>\n\t\t\t\t\t<\/div>\n\t\t<\/section>\n\t\t\t\t<section class=\"elementor-section elementor-top-section elementor-element elementor-element-6edba66d elementor-section-height-min-height elementor-section-boxed elementor-section-height-default elementor-section-items-middle wpr-particle-no wpr-jarallax-no wpr-parallax-no wpr-sticky-section-no\" data-id=\"6edba66d\" data-element_type=\"section\">\n\t\t\t\t\t\t<div class=\"elementor-container elementor-column-gap-default\">\n\t\t\t\t\t<div class=\"elementor-column elementor-col-100 elementor-top-column elementor-element elementor-element-638f8446\" data-id=\"638f8446\" data-element_type=\"column\">\n\t\t\t<div class=\"elementor-widget-wrap elementor-element-populated\">\n\t\t\t\t\t\t<div class=\"elementor-element elementor-element-188fdf04 elementor-widget elementor-widget-text-editor\" data-id=\"188fdf04\" data-element_type=\"widget\" data-widget_type=\"text-editor.default\">\n\t\t\t\t<div class=\"elementor-widget-container\">\n\t\t\t\t\t\t\t\t\t<p>Genom att ha ett privilegierat l\u00e4ge som g\u00f6r att du kan kombinera hav och berg i samma provins blir Huelva ett riktigt smakparadis som f\u00e5ngar alla dina sinnen. Fisk, skaldjur och k\u00f6tt kompletteras med gr\u00f6nsaker som kryddas med spektakul\u00e4ra oljor och vinrankor , de vattnas med utm\u00e4rkta viner i l\u00e4net, och de \u00e4r f\u00e4rdiga med uts\u00f6kta frukter och godis av And\u00e9valo.<\/p><p>Till de traditionella r\u00e4tterna m\u00e5ste vi dessutom l\u00e4gga kreativiteten hos v\u00e5ra ber\u00f6mda kockar, som erbjuder oss delikata r\u00e4tter och tapas som gl\u00e4djer de mest uts\u00f6kta gommen med r\u00e5varorna i v\u00e5rt \u00e4lskade land.<\/p>\t\t\t\t\t\t\t\t<\/div>\n\t\t\t\t<\/div>\n\t\t\t\t\t<\/div>\n\t\t<\/div>\n\t\t\t\t\t<\/div>\n\t\t<\/section>\n\t\t\t\t<section class=\"elementor-section elementor-top-section elementor-element elementor-element-596cf2fc elementor-section-full_width elementor-section-height-default elementor-section-height-default wpr-particle-no wpr-jarallax-no wpr-parallax-no wpr-sticky-section-no\" data-id=\"596cf2fc\" data-element_type=\"section\">\n\t\t\t\t\t\t<div class=\"elementor-container elementor-column-gap-default\">\n\t\t\t\t\t<div class=\"elementor-column elementor-col-100 elementor-top-column elementor-element elementor-element-c60ab06\" data-id=\"c60ab06\" data-element_type=\"column\">\n\t\t\t<div class=\"elementor-widget-wrap elementor-element-populated\">\n\t\t\t\t\t\t<div class=\"elementor-element elementor-element-3e2afb6a elementor-widget elementor-widget-heading\" data-id=\"3e2afb6a\" data-element_type=\"widget\" data-widget_type=\"heading.default\">\n\t\t\t\t<div class=\"elementor-widget-container\">\n\t\t\t\t\t<h3 class=\"elementor-heading-title elementor-size-default\">L\u00e4nkar av intresse<\/h3>\t\t\t\t<\/div>\n\t\t\t\t<\/div>\n\t\t\t\t<section class=\"elementor-section elementor-inner-section elementor-element elementor-element-a2bed20 elementor-section-boxed elementor-section-height-default elementor-section-height-default wpr-particle-no wpr-jarallax-no wpr-parallax-no wpr-sticky-section-no\" data-id=\"a2bed20\" data-element_type=\"section\">\n\t\t\t\t\t\t<div class=\"elementor-container elementor-column-gap-default\">\n\t\t\t\t\t<div class=\"elementor-column elementor-col-100 elementor-inner-column elementor-element elementor-element-9ed5155\" data-id=\"9ed5155\" data-element_type=\"column\">\n\t\t\t<div class=\"elementor-widget-wrap elementor-element-populated\">\n\t\t\t\t\t\t<div class=\"elementor-element elementor-element-7b18e3f7 elementor-icon-list--layout-traditional elementor-list-item-link-full_width elementor-widget elementor-widget-icon-list\" data-id=\"7b18e3f7\" data-element_type=\"widget\" data-widget_type=\"icon-list.default\">\n\t\t\t\t<div class=\"elementor-widget-container\">\n\t\t\t\t\t\t\t<ul class=\"elementor-icon-list-items\">\n\t\t\t\t\t\t\t<li class=\"elementor-icon-list-item\">\n\t\t\t\t\t\t\t\t\t\t\t<a href=\"http:\/\/www.turismohuelva.org\/es\/producto\/gastronomia\">\n\n\t\t\t\t\t\t\t\t\t\t\t\t<span class=\"elementor-icon-list-icon\">\n\t\t\t\t\t\t\t\t\t\t\t\t\t\t\t\t<i class=\"fa fa-check\" aria-hidden=\"true\"><\/i>\n\t\t\t\t\t\t\t\t\t\t\t\t\t<\/span>\n\t\t\t\t\t\t\t\t\t\t<span class=\"elementor-icon-list-text\">Turism i Huelva - gastronomi<\/span>\n\t\t\t\t\t\t\t\t\t\t\t<\/a>\n\t\t\t\t\t\t\t\t\t<\/li>\n\t\t\t\t\t\t<\/ul>\n\t\t\t\t\t\t<\/div>\n\t\t\t\t<\/div>\n\t\t\t\t\t<\/div>\n\t\t<\/div>\n\t\t\t\t\t<\/div>\n\t\t<\/section>\n\t\t\t\t\t<\/div>\n\t\t<\/div>\n\t\t\t\t\t<\/div>\n\t\t<\/section>\n\t\t\t\t<\/div>","protected":false},"excerpt":{"rendered":"<p>Gastronom\u00eda &#038; vinos Encuentra tu apartamento ideal Por tener una ubicaci\u00f3n privilegiada que le permite conjugar mar y monta\u00f1a en la misma provincia, Huelva se convierte en un aut\u00e9ntico para\u00edso del sabor que atrapa todos tus sentidos.Pescados, mariscos y carnes se ven complementados por vegetales que se aderezan con aceites y vinagres espectaculares, se riegan con excelentes Vinos del Condado, y se rematan con exquisitas frutas y dulces del And\u00e9valo. Adem\u00e1s, a los platos tradicionales hay que sumar la creatividad de nuestros afamados cocineros, que nos ofrecen delicados platos y tapas que hacen las delicias de los paladares m\u00e1s exquisitos con las materias primas de nuestra querida tierra. Enlaces de inter\u00e9s Turismo de Huelva &#8211; Gastronom\u00eda<\/p>","protected":false},"author":1,"featured_media":0,"parent":0,"menu_order":0,"comment_status":"closed","ping_status":"closed","template":"","meta":{"footnotes":""},"class_list":["post-763","page","type-page","status-publish","hentry"],"_links":{"self":[{"href":"https:\/\/apartamentoscostaluz.com\/sv\/wp-json\/wp\/v2\/pages\/763","targetHints":{"allow":["GET"]}}],"collection":[{"href":"https:\/\/apartamentoscostaluz.com\/sv\/wp-json\/wp\/v2\/pages"}],"about":[{"href":"https:\/\/apartamentoscostaluz.com\/sv\/wp-json\/wp\/v2\/types\/page"}],"author":[{"embeddable":true,"href":"https:\/\/apartamentoscostaluz.com\/sv\/wp-json\/wp\/v2\/users\/1"}],"replies":[{"embeddable":true,"href":"https:\/\/apartamentoscostaluz.com\/sv\/wp-json\/wp\/v2\/comments?post=763"}],"version-history":[{"count":7,"href":"https:\/\/apartamentoscostaluz.com\/sv\/wp-json\/wp\/v2\/pages\/763\/revisions"}],"predecessor-version":[{"id":1191,"href":"https:\/\/apartamentoscostaluz.com\/sv\/wp-json\/wp\/v2\/pages\/763\/revisions\/1191"}],"wp:attachment":[{"href":"https:\/\/apartamentoscostaluz.com\/sv\/wp-json\/wp\/v2\/media?parent=763"}],"curies":[{"name":"wp","href":"https:\/\/api.w.org\/{rel}","templated":true}]}}